{"id":44,"date":"2020-07-23T20:00:35","date_gmt":"2020-07-23T20:00:35","guid":{"rendered":"https:\/\/westchestersafetypledge.com\/?page_id=44"},"modified":"2020-07-24T19:25:57","modified_gmt":"2020-07-24T19:25:57","slug":"businesses","status":"publish","type":"page","link":"https:\/\/westchestersafetypledge.com\/es\/businesses\/","title":{"rendered":"Negocios"},"content":{"rendered":"<div      class=\"vc_row wpb_row section vc_row-fluid  grid_section\" style=' text-align:left;'><div class=\"section_inner clearfix\"><div class='section_inner_margin clearfix'><div class=\"wpb_column vc_column_container vc_col-sm-12\"><div class=\"vc_column-inner\"><div class=\"wpb_wrapper\">\n\t\t\t<!-- START Businesses REVOLUTION SLIDER 6.5.14 --><p class=\"rs-p-wp-fix\"><\/p>\n\t\t\t<rs-module-wrap id=\"rev_slider_3_1_wrapper\" data-source=\"gallery\" style=\"visibility:hidden;background:transparent;padding:0;margin:0px auto;margin-top:0;margin-bottom:0;\">\n\t\t\t\t<rs-module id=\"rev_slider_3_1\" style=\"\" data-version=\"6.5.14\">\n\t\t\t\t\t<rs-slides>\n\t\t\t\t\t\t<rs-slide style=\"position: absolute;\" data-key=\"rs-3\" data-title=\"Slide\" data-anim=\"ms:1000;r:0;\" data-in=\"o:0;\" data-out=\"a:false;\">\n\t\t\t\t\t\t\t<img src=\"\/\/westchestersafetypledge.com\/wp-content\/plugins\/revslider\/public\/assets\/assets\/dummy.png\" alt=\"\" title=\"stickers-pledge\" width=\"1200\" height=\"400\" class=\"rev-slidebg tp-rs-img rs-lazyload\" data-lazyload=\"\/\/westchestersafetypledge.com\/wp-content\/uploads\/2020\/07\/stickers-pledge.jpg\" data-no-retina>\n<!--\n\t\t\t\t\t\t\t--><rs-layer\n\t\t\t\t\t\t\t\tid=\"slider-3-slide-3-layer-0\" \n\t\t\t\t\t\t\t\tdata-type=\"text\"\n\t\t\t\t\t\t\t\tdata-color=\"#fff\"\n\t\t\t\t\t\t\t\tdata-tsh=\"c:rgba(0,0,0,0.75);h:7px;v:7px;b:10px;\"\n\t\t\t\t\t\t\t\tdata-rsp_ch=\"on\"\n\t\t\t\t\t\t\t\tdata-xy=\"x:c;y:c;\"\n\t\t\t\t\t\t\t\tdata-text=\"w:normal;s:60;l:70;ls:0px;fw:600;\"\n\t\t\t\t\t\t\t\tdata-dim=\"minh:0px;\"\n\t\t\t\t\t\t\t\tdata-frame_999=\"o:0;st:w;\"\n\t\t\t\t\t\t\t\tstyle=\"z-index:5;font-family:'Montserrat';\"\n\t\t\t\t\t\t\t>Negocios \n\t\t\t\t\t\t\t<\/rs-layer><!--\n-->\t\t\t\t\t\t<\/rs-slide>\n\t\t\t\t\t<\/rs-slides>\n\t\t\t\t<\/rs-module>\n\t\t\t\t<script>\n\t\t\t\t\tsetREVStartSize({c: 'rev_slider_3_1',rl:[1240,1024,778,480],el:[400],gw:[1240],gh:[400],type:'hero',justify:'',layout:'fullwidth',mh:\"0\"});if (window.RS_MODULES!==undefined && window.RS_MODULES.modules!==undefined && window.RS_MODULES.modules[\"revslider31\"]!==undefined) {window.RS_MODULES.modules[\"revslider31\"].once = false;window.revapi3 = undefined;if (window.RS_MODULES.checkMinimal!==undefined) window.RS_MODULES.checkMinimal()}\n\t\t\t\t<\/script>\n\t\t\t<\/rs-module-wrap>\n\t\t\t<!-- END REVOLUTION SLIDER -->\n<\/div><\/div><\/div><\/div><\/div><\/div><div      class=\"vc_row wpb_row section vc_row-fluid  grid_section\" style=' padding-top:30px; padding-bottom:30px; text-align:left;'><div class=\"section_inner clearfix\"><div class='section_inner_margin clearfix'><div class=\"wpb_column vc_column_container vc_col-sm-12\"><div class=\"vc_column-inner\"><div class=\"wpb_wrapper\">\n\t<div class=\"wpb_text_column wpb_content_element\">\n\t\t<div class=\"wpb_wrapper\">\n\t\t\t<h2>Para las empresas que desean tomar el compromiso de seguridad de Westchester.<\/h2>\n\n\t\t<\/div> \n\t<\/div> <\/div><\/div><\/div><\/div><\/div><\/div><div      class=\"vc_row wpb_row section vc_row-fluid  grid_section\" style=' padding-bottom:30px; text-align:left;'><div class=\"section_inner clearfix\"><div class='section_inner_margin clearfix'><div class=\"wpb_column vc_column_container vc_col-sm-12\"><div class=\"vc_column-inner\"><div class=\"wpb_wrapper\">\n\t<div class=\"wpb_text_column wpb_content_element\">\n\t\t<div class=\"wpb_wrapper\">\n\t\t\t<p>Aseg\u00farese de estar familiarizado con todas las pautas de seguridad vigentes para su negocio e industria. Se puede encontrar m\u00e1s informaci\u00f3n para todas las empresas en el estado de Nueva York <a href=\"https:\/\/forward.ny.gov\/ny-forward\" target=\"_blank\" rel=\"noopener noreferrer\">aqu\u00ed<\/a> on the NY Forward website. CDC guidelines can be found <a href=\"https:\/\/espanol.cdc.gov\/coronavirus\/2019-ncov\/community\/organizations\/business-employers\/bars-restaurants.html\" target=\"_blank\" rel=\"noopener noreferrer\">aqu\u00ed<\/a>. Para obtener m\u00e1s informaci\u00f3n sobre las pautas de seguridad del condado de Westchester, <a href=\"https:\/\/westchestersafetypledge.com\/es\/resources\/\">ver nuestra p\u00e1gina de Recursos<\/a>.<\/p>\n\n\t\t<\/div> \n\t<\/div> <\/div><\/div><\/div><\/div><\/div><\/div><div      class=\"vc_row wpb_row section vc_row-fluid  grid_section\" style=' text-align:left;'><div class=\"section_inner clearfix\"><div class='section_inner_margin clearfix'><div class=\"wpb_column vc_column_container vc_col-sm-12\"><div class=\"vc_column-inner\"><div class=\"wpb_wrapper\">\n\t<div class=\"wpb_text_column wpb_content_element\">\n\t\t<div class=\"wpb_wrapper\">\n\t\t\t<h3>Adem\u00e1s de seguir las pautas de NY Forward, la promesa requiere que usted tambi\u00e9n acepte lo siguiente:<\/h3>\n\n\t\t<\/div> \n\t<\/div> \t<div class=\"vc_empty_space\"  style=\"height: 32px\" ><span\n\t\t\tclass=\"vc_empty_space_inner\">\n\t\t\t<span class=\"empty_space_image\"  ><\/span>\n\t\t<\/span><\/div>\n\n<div class=\"q_icon_list\"><i class=\"qode_icon_font_awesome fa fa-heart-o qode-ili-icon-holder transparent\" style=\"font-size: 24px;color: #d46d7f;\" ><\/i><p style=\"\">Acepte seguir todas las pautas de NY Forward para la seguridad y las pr\u00e1cticas comerciales en todo momento.<\/p><\/div><div class=\"q_icon_list\"><i class=\"qode_icon_font_awesome fa fa-heart-o qode-ili-icon-holder transparent\" style=\"font-size: 24px;color: #d46d7f;\" ><\/i><p style=\"\">Siga las pautas de distanciamiento social y capacidad<\/p><\/div><div class=\"q_icon_list\"><i class=\"qode_icon_font_awesome fa fa-heart-o qode-ili-icon-holder transparent\" style=\"font-size: 24px;color: #d46d7f;\" ><\/i><p style=\"\">Siga las pautas de los CDC para los est\u00e1ndares de limpieza y saneamiento<\/p><\/div><div class=\"q_icon_list\"><i class=\"qode_icon_font_awesome fa fa-heart-o qode-ili-icon-holder transparent\" style=\"font-size: 24px;color: #d46d7f;\" ><\/i><p style=\"\">Use revestimientos faciales cuando sea necesario y siempre al interactuar con los invitados y el p\u00fablico.<\/p><\/div><div class=\"q_icon_list\"><i class=\"qode_icon_font_awesome fa fa-heart-o qode-ili-icon-holder transparent\" style=\"font-size: 24px;color: #d46d7f;\" ><\/i><p style=\"\">Capacitar a los empleados en los procedimientos de seguridad de COVID-19<\/p><\/div><div class=\"q_icon_list\"><i class=\"qode_icon_font_awesome fa fa-heart-o qode-ili-icon-holder transparent\" style=\"font-size: 24px;color: #d46d7f;\" ><\/i><p style=\"\">Ser accesible para las inquietudes y consultas de los hu\u00e9spedes relacionadas con COVID directamente a los gerentes senior \/ propietarios<\/p><\/div><\/div><\/div><\/div><\/div><\/div><\/div><div      class=\"vc_row wpb_row section vc_row-fluid  grid_section\" style=' padding-top:20px; padding-bottom:20px; text-align:left;'><div class=\"section_inner clearfix\"><div class='section_inner_margin clearfix'><div class=\"wpb_column vc_column_container vc_col-sm-12\"><div class=\"vc_column-inner\"><div class=\"wpb_wrapper\">\n\t<div class=\"wpb_text_column wpb_content_element\">\n\t\t<div class=\"wpb_wrapper\">\n\t\t\t<h3 style=\"color: #5b1a26;\">Si est\u00e1 listo para hacer la promesa, complete el siguiente formulario.<\/h3>\n\n\t\t<\/div> \n\t<\/div> <\/div><\/div><\/div><\/div><\/div><\/div><div      class=\"vc_row wpb_row section vc_row-fluid  grid_section\" style=' padding-top:30px; padding-bottom:30px; text-align:left;'><div class=\"section_inner clearfix\"><div class='section_inner_margin clearfix'><div class=\"wpb_column vc_column_container vc_col-sm-12\"><div class=\"vc_column-inner\"><div class=\"wpb_wrapper\"><div role=\"form\" class=\"wpcf7\" id=\"wpcf7-f7-o1\" lang=\"en-US\" dir=\"ltr\">\n<div class=\"screen-reader-response\"><p role=\"status\" aria-live=\"polite\" aria-atomic=\"true\"><\/p> <ul><\/ul><\/div>\n<form action=\"\/es\/wp-json\/wp\/v2\/pages\/44#wpcf7-f7-o1\" method=\"post\" class=\"wpcf7-form init cf7_custom_style_1\" novalidate=\"novalidate\" data-status=\"init\" data-trp-original-action=\"\/es\/wp-json\/wp\/v2\/pages\/44#wpcf7-f7-o1\">\n<div style=\"display: none;\">\n<input type=\"hidden\" name=\"_wpcf7\" value=\"7\" \/>\n<input type=\"hidden\" name=\"_wpcf7_version\" value=\"5.6\" \/>\n<input type=\"hidden\" name=\"_wpcf7_locale\" value=\"en_US\" \/>\n<input type=\"hidden\" name=\"_wpcf7_unit_tag\" value=\"wpcf7-f7-o1\" \/>\n<input type=\"hidden\" name=\"_wpcf7_container_post\" value=\"0\" \/>\n<input type=\"hidden\" name=\"_wpcf7_posted_data_hash\" value=\"\" \/>\n<input type=\"hidden\" name=\"_wpcf7_recaptcha_response\" value=\"\" \/>\n<\/div>\n<p><label style=\"clear: both; float:left; width: 48%; margin-bottom: 15px;\"><strong style=\"font-size: 2em; color: #e96474;\">Informaci\u00f3n de negocios<\/strong><\/label><\/p>\n<p style=\"clear:both; float: left;\">Proporcione la direcci\u00f3n para recibir sus materiales de compromiso de seguridad de Westchester<\/p>\n<p><label style=\"clear: both;float:left; width: 100%; margin-bottom: 15px;\">Nombre del Negocio*<br \/>\n    <span class=\"wpcf7-form-control-wrap\" data-name=\"mc4wp-RESTAURANT\"><input type=\"text\" name=\"mc4wp-RESTAURANT\" value=\"\" size=\"40\" class=\"wpcf7-form-control wpcf7-text wpcf7-validates-as-required\" aria-required=\"true\" aria-invalid=\"false\" \/><\/span> <\/label><\/p>\n<p><label style=\"clear: both;float:left;width:100%;margin-bottom: 15px;\">Direcci\u00f3n L\u00ednea 1*<br \/>\n    <span class=\"wpcf7-form-control-wrap\" data-name=\"mc4wp-STREET\"><input type=\"text\" name=\"mc4wp-STREET\" value=\"\" size=\"40\" class=\"wpcf7-form-control wpcf7-text wpcf7-validates-as-required\" aria-required=\"true\" aria-invalid=\"false\" \/><\/span> <\/label><\/p>\n<p><label style=\"clear: both;float:left;width:100%;margin-bottom: 15px;\">Direcci\u00f3n L\u00ednea 2*<br \/>\n    <span class=\"wpcf7-form-control-wrap\" data-name=\"mc4wp-STREET2\"><input type=\"text\" name=\"mc4wp-STREET2\" value=\"\" size=\"40\" class=\"wpcf7-form-control wpcf7-text\" aria-invalid=\"false\" \/><\/span> <\/label><\/p>\n<p><label style=\"clear: both; float:left; width: 48%; margin-bottom: 15px;\">Ciudad*<br \/>\n    <span class=\"wpcf7-form-control-wrap\" data-name=\"mc4wp-CITY\"><input type=\"text\" name=\"mc4wp-CITY\" value=\"\" size=\"40\" class=\"wpcf7-form-control wpcf7-text wpcf7-validates-as-required\" aria-required=\"true\" aria-invalid=\"false\" \/><\/span> <\/label><\/p>\n<p><label style=\"float:right; width:48%; margin-bottom: 15px;\">C\u00f3digo postal*<br \/>\n<span class=\"wpcf7-form-control-wrap\" data-name=\"mc4wp-ZIPCODE\"><input type=\"text\" name=\"mc4wp-ZIPCODE\" value=\"\" size=\"40\" class=\"wpcf7-form-control wpcf7-text wpcf7-validates-as-required\" aria-required=\"true\" aria-invalid=\"false\" \/><\/span><\/p>\n<div style=\"padding-top:20px; padding-bottom: 20px;\"><\/div>\n<hr style=\"visibility: hidden;\">\n<hr style=\"visibility: hidden;\">\n<label class=\"mob_100\" style=\"clear: both; float:left; width: 48%; margin-bottom: 15px;\"><strong style=\"font-size: 2em; color: #e96474;\">Informaci\u00f3n del contacto<\/strong><\/label><\/p>\n<p class=\"mob_100\" style=\"clear:both; float: left;\">Contacto principal para abordar las preocupaciones de los consumidores \/ p\u00fablico<\/p>\n<p><label class=\"mob_100\" style=\"clear:both; float:left; width: 48%; margin-bottom: 15px;\">Nombre de pila*<br \/>\n    <span class=\"wpcf7-form-control-wrap\" data-name=\"mc4wp-FNAME\"><input type=\"text\" name=\"mc4wp-FNAME\" value=\"\" size=\"40\" class=\"wpcf7-form-control wpcf7-text wpcf7-validates-as-required\" aria-required=\"true\" aria-invalid=\"false\" \/><\/span> <\/label><\/p>\n<p><label class=\"mob_100\" style=\"float:right; width: 48%; margin-bottom: 15px;\">Apellido*<br \/>\n    <span class=\"wpcf7-form-control-wrap\" data-name=\"mc4wp-LNAME\"><input type=\"text\" name=\"mc4wp-LNAME\" value=\"\" size=\"40\" class=\"wpcf7-form-control wpcf7-text wpcf7-validates-as-required\" aria-required=\"true\" aria-invalid=\"false\" \/><\/span> <\/label><\/p>\n<p><label class=\"mob_100\" style=\"clear: both; float:left; width: 48%; margin-bottom: 15px;\">Email*<br \/>\n    <span class=\"wpcf7-form-control-wrap\" data-name=\"mc4wp-EMAIL\"><input type=\"email\" name=\"mc4wp-EMAIL\" value=\"\" size=\"40\" class=\"wpcf7-form-control wpcf7-text wpcf7-email wpcf7-validates-as-required wpcf7-validates-as-email\" aria-required=\"true\" aria-invalid=\"false\" \/><\/span> <\/label><\/p>\n<p><label class=\"mob_100\" style=\"float:right; width: 48%;margin-bottom: 15px;\">Tel\u00e9fono<br \/>\n    <span class=\"wpcf7-form-control-wrap\" data-name=\"mc4wp-PHONE\"><input type=\"tel\" name=\"mc4wp-PHONE\" value=\"\" size=\"40\" class=\"wpcf7-form-control wpcf7-text wpcf7-tel wpcf7-validates-as-tel\" aria-invalid=\"false\" \/><\/span> <\/label><\/p>\n<div style=\"clear: both; margin-top: 25px;\"><\/div>\n<div style=\"display:none\">\n      <label>Form Origin<br \/>\n    <span class=\"wpcf7-form-control-wrap\" data-name=\"mc4wp-ORIGIN\"><select name=\"mc4wp-ORIGIN\" class=\"wpcf7-form-control wpcf7-select\" aria-invalid=\"false\"><option value=\"Safety Pledge Registration\">Safety Pledge Registration<\/option><\/select><\/span><\/label>\n      <\/div>\n<p><!-- Mailchimp for WordPress v4.8.7 - https:\/\/www.mc4wp.com\/ --><input type=\"hidden\" name=\"_mc4wp_subscribe_contact-form-7\" value=\"0\" \/><span class=\"mc4wp-checkbox mc4wp-checkbox-contact-form-7\" ><label><input type=\"checkbox\" name=\"_mc4wp_subscribe_contact-form-7\" value=\"1\"  \/><span>Al marcar esta casilla, certifico que la informaci\u00f3n anterior es correcta.<\/span><\/label><\/span><!-- \/ Mailchimp for WordPress --><\/p>\n<hr style=\"visibility: hidden;\">\n<hr style=\"visibility: hidden;\">\n<div style=\"text-align: center;\"><input type=\"submit\" value=\"Registrarse\" class=\"wpcf7-form-control has-spinner wpcf7-submit\" \/><\/div>\n<style>\n@media only screen and (max-width: 414px) {\n  .mob_100 {\nclear: both;\nfloat: none !important;\n    width: 100%;\n  }\n}\n<\/style>\n<p><input type=\"hidden\" name=\"mc4wp-subscribe\" value=\"1\" \/><br \/>\n<input type=\"hidden\" name=\"_mc4wp_lists[]\" value=\"5ab223eb9d\" \/><\/p>\n<div class=\"wpcf7-response-output\" aria-hidden=\"true\"><\/div><input type=\"hidden\" name=\"trp-form-language\" value=\"es\"\/><\/form><\/div><\/div><\/div><\/div><\/div><\/div><\/div><div      class=\"vc_row wpb_row section vc_row-fluid  grid_section\" style=' padding-bottom:20px; text-align:center;'><div class=\"section_inner clearfix\"><div class='section_inner_margin clearfix'><div class=\"wpb_column vc_column_container vc_col-sm-12\"><div class=\"vc_column-inner\"><div class=\"wpb_wrapper\">\n\t<div class=\"wpb_text_column wpb_content_element\">\n\t\t<div class=\"wpb_wrapper\">\n\t\t\t<p style=\"font-size: 12px;\">Descargo de responsabilidad: la visualizaci\u00f3n de la etiqueta o el logotipo de WSP no es una indicaci\u00f3n de que la empresa ha sido inspeccionada, el cumplimiento de todas las pautas es responsabilidad de la empresa. El compromiso de seguridad de Westchester no est\u00e1 afiliado ni autorizado por ninguna agencia gubernamental del estado de Nueva York o el condado de Westchester.<\/p>\n\n\t\t<\/div> \n\t<\/div> <\/div><\/div><\/div><\/div><\/div><\/div>","protected":false},"excerpt":{"rendered":"Businesses For businesses that want to take the Westchester Safety Pledge. Please make sure that you are familiar with all prevailing safety guidelines for your business and industry. More information for all businesses in New York State can be found here on the NY Forward...","protected":false},"author":1,"featured_media":0,"parent":0,"menu_order":0,"comment_status":"closed","ping_status":"closed","template":"full_width.php","meta":[],"yoast_head":"<!-- This site is optimized with the Yoast SEO plugin v19.3 - https:\/\/yoast.com\/wordpress\/plugins\/seo\/ -->\n<title>Businesses - Westchester Safety Pledge<\/title>\n<meta name=\"robots\" content=\"index, follow, max-snippet:-1, max-image-preview:large, max-video-preview:-1\" \/>\n<link rel=\"canonical\" href=\"https:\/\/westchestersafetypledge.com\/es\/businesses\/\" \/>\n<meta property=\"og:locale\" content=\"es_MX\" \/>\n<meta property=\"og:type\" content=\"article\" \/>\n<meta property=\"og:title\" content=\"Businesses - Westchester Safety Pledge\" \/>\n<meta property=\"og:url\" content=\"https:\/\/westchestersafetypledge.com\/es\/businesses\/\" \/>\n<meta property=\"og:site_name\" content=\"Westchester Safety Pledge\" \/>\n<meta property=\"article:modified_time\" content=\"2020-07-24T19:25:57+00:00\" \/>\n<meta name=\"twitter:card\" content=\"summary_large_image\" \/>\n<meta name=\"twitter:label1\" content=\"Est. reading time\" \/>\n\t<meta name=\"twitter:data1\" content=\"3 minutes\" \/>\n<script type=\"application\/ld+json\" class=\"yoast-schema-graph\">{\"@context\":\"https:\/\/schema.org\",\"@graph\":[{\"@type\":\"WebSite\",\"@id\":\"https:\/\/westchestersafetypledge.com\/#website\",\"url\":\"https:\/\/westchestersafetypledge.com\/\",\"name\":\"Westchester Safety Pledge\",\"description\":\"Take the Pledge\",\"potentialAction\":[{\"@type\":\"SearchAction\",\"target\":{\"@type\":\"EntryPoint\",\"urlTemplate\":\"https:\/\/westchestersafetypledge.com\/?s={search_term_string}\"},\"query-input\":\"required name=search_term_string\"}],\"inLanguage\":\"es-MX\"},{\"@type\":\"WebPage\",\"@id\":\"https:\/\/westchestersafetypledge.com\/businesses\/\",\"url\":\"https:\/\/westchestersafetypledge.com\/businesses\/\",\"name\":\"Businesses - Westchester Safety Pledge\",\"isPartOf\":{\"@id\":\"https:\/\/westchestersafetypledge.com\/#website\"},\"datePublished\":\"2020-07-23T20:00:35+00:00\",\"dateModified\":\"2020-07-24T19:25:57+00:00\",\"breadcrumb\":{\"@id\":\"https:\/\/westchestersafetypledge.com\/businesses\/#breadcrumb\"},\"inLanguage\":\"es-MX\",\"potentialAction\":[{\"@type\":\"ReadAction\",\"target\":[\"https:\/\/westchestersafetypledge.com\/businesses\/\"]}]},{\"@type\":\"BreadcrumbList\",\"@id\":\"https:\/\/westchestersafetypledge.com\/businesses\/#breadcrumb\",\"itemListElement\":[{\"@type\":\"ListItem\",\"position\":1,\"name\":\"Home\",\"item\":\"https:\/\/westchestersafetypledge.com\/\"},{\"@type\":\"ListItem\",\"position\":2,\"name\":\"Businesses\"}]}]}<\/script>\n<!-- \/ Yoast SEO plugin. -->","yoast_head_json":{"title":"Businesses - Westchester Safety Pledge","robots":{"index":"index","follow":"follow","max-snippet":"max-snippet:-1","max-image-preview":"max-image-preview:large","max-video-preview":"max-video-preview:-1"},"canonical":"https:\/\/westchestersafetypledge.com\/es\/businesses\/","og_locale":"es_MX","og_type":"article","og_title":"Businesses - Westchester Safety Pledge","og_url":"https:\/\/westchestersafetypledge.com\/es\/businesses\/","og_site_name":"Westchester Safety Pledge","article_modified_time":"2020-07-24T19:25:57+00:00","twitter_card":"summary_large_image","twitter_misc":{"Est. reading time":"3 minutes"},"schema":{"@context":"https:\/\/schema.org","@graph":[{"@type":"WebSite","@id":"https:\/\/westchestersafetypledge.com\/#website","url":"https:\/\/westchestersafetypledge.com\/","name":"Westchester Safety Pledge","description":"Take the Pledge","potentialAction":[{"@type":"SearchAction","target":{"@type":"EntryPoint","urlTemplate":"https:\/\/westchestersafetypledge.com\/?s={search_term_string}"},"query-input":"required name=search_term_string"}],"inLanguage":"es-MX"},{"@type":"WebPage","@id":"https:\/\/westchestersafetypledge.com\/businesses\/","url":"https:\/\/westchestersafetypledge.com\/businesses\/","name":"Businesses - Westchester Safety Pledge","isPartOf":{"@id":"https:\/\/westchestersafetypledge.com\/#website"},"datePublished":"2020-07-23T20:00:35+00:00","dateModified":"2020-07-24T19:25:57+00:00","breadcrumb":{"@id":"https:\/\/westchestersafetypledge.com\/businesses\/#breadcrumb"},"inLanguage":"es-MX","potentialAction":[{"@type":"ReadAction","target":["https:\/\/westchestersafetypledge.com\/businesses\/"]}]},{"@type":"BreadcrumbList","@id":"https:\/\/westchestersafetypledge.com\/businesses\/#breadcrumb","itemListElement":[{"@type":"ListItem","position":1,"name":"Home","item":"https:\/\/westchestersafetypledge.com\/"},{"@type":"ListItem","position":2,"name":"Businesses"}]}]}},"_links":{"self":[{"href":"https:\/\/westchestersafetypledge.com\/es\/wp-json\/wp\/v2\/pages\/44"}],"collection":[{"href":"https:\/\/westchestersafetypledge.com\/es\/wp-json\/wp\/v2\/pages"}],"about":[{"href":"https:\/\/westchestersafetypledge.com\/es\/wp-json\/wp\/v2\/types\/page"}],"author":[{"embeddable":true,"href":"https:\/\/westchestersafetypledge.com\/es\/wp-json\/wp\/v2\/users\/1"}],"replies":[{"embeddable":true,"href":"https:\/\/westchestersafetypledge.com\/es\/wp-json\/wp\/v2\/comments?post=44"}],"version-history":[{"count":12,"href":"https:\/\/westchestersafetypledge.com\/es\/wp-json\/wp\/v2\/pages\/44\/revisions"}],"predecessor-version":[{"id":138,"href":"https:\/\/westchestersafetypledge.com\/es\/wp-json\/wp\/v2\/pages\/44\/revisions\/138"}],"wp:attachment":[{"href":"https:\/\/westchestersafetypledge.com\/es\/wp-json\/wp\/v2\/media?parent=44"}],"curies":[{"name":"wp","href":"https:\/\/api.w.org\/{rel}","templated":true}]}}